{"id":195,"date":"2021-09-02T06:56:06","date_gmt":"2021-09-01T21:56:06","guid":{"rendered":"https:\/\/kyotokkyo.jp\/wp\/?page_id=195"},"modified":"2022-07-27T16:42:11","modified_gmt":"2022-07-27T07:42:11","slug":"intellectual","status":"publish","type":"page","link":"https:\/\/kyotokkyo.jp\/en\/service\/intellectual\/","title":{"rendered":"Intellectual Property"},"content":{"rendered":"<section id=\"international\" class=\"page_section wrapper\">\n<h2 class=\"section_title\">INTERNATIONAL SERVICES<\/h2>\n<h3>We can take care of your needs for any international patent application using the PCT (Under the Patent Cooperation Treaty) or the Paris Convention through our foreign associated firms in more than 10 countries.<\/h3>\n<p>We offer a wide variety of expertise in application processing, unfair competition prevention law, copyright law, appraisals, and request for interpretation. We also provide services such as regular legal advice and in-house training and support for advisory contract clients.<\/p>\n<div id=\"international_links\">\n<h2>Our Foreign Associated Firms<\/h2>\n<div id=\"international_map\">\n<img decoding=\"async\" src=\"https:\/\/kyotokkyo.jp\/wp\/wp-content\/themes\/kyotokkyo\/images\/intellectual\/world_map.png\" alt=\"Our Foreign Associated Firms\" \/>\n<\/div>\n<h3>&#8211; United States<\/h3>\n<ul>\n<li><a href=\"http:\/\/allemanhall.com\/\" target=\"_blank\" rel=\"noopener\">Alleman Hall Creasman &#038; Tuttle LLP<\/a><\/li>\n<li><a href=\"http:\/\/www.brookskushman.com\/\" target=\"_blank\" rel=\"noopener\">Brooks Kushman P.C.<\/a><\/li>\n<li><a href=\"http:\/\/www.cantorcolburn.com\/\" target=\"_blank\" rel=\"noopener\">Cantor Colburn LLP<\/a><\/li>\n<li><a href=\"http:\/\/www.cdfslaw.com\/\" target=\"_blank\" rel=\"noopener\">Carter Deluca Farrell &#038; Schmidt LLP<\/a><\/li>\n<li><a href=\"http:\/\/www.gbpatent.com\/\"\" target=\"_blank\" rel=\"noopener\">GREENBLUM &#038; BERNSTEIN, P.L.C.<\/a><\/li>\n<li><a href=\"http:\/\/www.lmiplaw.com\/\" target=\"_blank\" rel=\"noopener\">LUCAS &#038; MERCANTI, LLP<\/a><\/li>\n<li><a href=\"http:\/\/www.swlaw.com\/\" target=\"_blank\" rel=\"noopener\">SNELL &#038; WILMER L.L.P.<\/a><\/li>\n<\/ul>\n<h3>&#8211; Canada<\/h3>\n<ul>\n<li><a href=\"http:\/\/kirbyip.com\/\" target=\"_blank\" rel=\"noopener\">Kirby Eades Gale Baker<\/a><\/li>\n<\/ul>\n<h3>&#8211; Brazil<\/h3>\n<ul>\n<li><a href=\"http:\/\/www.dannemann.com.br\/\" target=\"_blank\" rel=\"noopener\">DANNEMANN SIEMSEN BIGLER &#038; IPANEMA MOREIRA<\/a><\/li>\n<\/ul>\n<h3>&#8211; Germany<\/h3>\n<ul>\n<li><a href=\"http:\/\/hkw-ip.eu\/\" target=\"_blank\" rel=\"noopener\">HORN KLEIMANN WAITZHOFER<\/a><\/li>\n<li><a href=\"http:\/\/www.isarpatent.com\/\" target=\"_blank\" rel=\"noopener\">isarpatent<\/a><\/li>\n<li><a href=\"http:\/\/www.mueller-bore.de\/\" target=\"_blank\" rel=\"noopener\">M\u00fcller-Bor\u00e9 &#038; Partner Patentanw\u00e4lte PartG mbB<\/a><\/li>\n<li><a href=\"http:\/\/www.mhp-ip.com\/\" target=\"_blank\" rel=\"noopener\">M\u00dcLLER\u30fbHOFFMANN &#038; PARTNER<\/a><\/li>\n<li><a href=\"http:\/\/www.tbk.com\/\" target=\"_blank\" rel=\"noopener\">TBK<\/a><\/li>\n<\/ul>\n<h3>&#8211; United Kingdom<\/h3>\n<ul>\n<li><a href=\"http:\/\/www.bwr-ip.co.uk\/\" target=\"_blank\" rel=\"noopener\">Baron Warren Redfern<\/a><\/li>\n<\/ul>\n<h3>&#8211; Russia<\/h3>\n<ul>\n<li><a href=\"http:\/\/www.sojuzpatent.com\/\" target=\"_blank\" rel=\"noopener\">SojuzPATENT<\/a><\/li>\n<\/ul>\n<h3>&#8211; China<\/h3>\n<ul>\n<li><a href=\"http:\/\/www.beijing-sunhope.com\/\" target=\"_blank\" rel=\"noopener\">Beijing Sunhope Intellectual Property Ltd.<\/a><\/li>\n<li><a href=\"http:\/\/www.mingsure.com\/index.asp\" target=\"_blank\" rel=\"noopener\">MING &#038; SURE INTELLECTUAL PROPERTY LAW FIRM<\/a><\/li>\n<li><a href=\"http:\/\/www.watson-band.com.cn\/\" target=\"_blank\" rel=\"noopener\">WATSON &#038; BAND<\/a><\/li>\n<li><a href=\"http:\/\/www.jcipgroup.com\/\" target=\"_blank\" rel=\"noopener\">\u5c06\u7fa4\u667a\u6a29\u4e8b\u52d9\u6240<\/a><\/li>\n<li><a href=\"http:\/\/www.csptal.com\/jp\/index.asp\" target=\"_blank\" rel=\"noopener\">\u4e2d\u79d1\u5c02\u5229\u5546\u6a19\u4ee3\u7406\u6709\u9650\u8cac\u4efb\u516c\u53f8<\/a><\/li>\n<li><a href=\"http:\/\/www.sankoco.com\/\" target=\"_blank\" rel=\"noopener\">\u5317\u4eac\u4e09\u5e78\u5546\u6a19\u7279\u8a31\u4e8b\u52d9\u6240<\/a><\/li>\n<\/ul>\n<h3>Macau<\/h3>\n<ul>\n<li><a href=\"http:\/\/www.dsl-lawyers.com\/\" target=\"_blank\" rel=\"noopener\">DSL Lawyers<\/a><\/li>\n<\/ul>\n<h3>&#8211; South Korea<\/h3>\n<ul>\n<li><a href=\"http:\/\/www.muhann.com\/\" target=\"_blank\" rel=\"noopener\">MUHANN Patent &#038; Law Firm<\/a><\/li>\n<li><a href=\"http:\/\/www.pankoreaip.com\/\" target=\"_blank\" rel=\"noopener\">PANKOREA Patent &#038; Law Firm<\/a><\/li>\n<li><a href=\"http:\/\/supat.com\/\" target=\"_blank\" rel=\"noopener\">Selim Intellectual Property Law Firm<\/a><\/li>\n<li><a href=\"http:\/\/www.yschang.co.kr\/\" target=\"_blank\" rel=\"noopener\">Y.S.CHANG\u7279\u8a31\u6cd5\u5f8b\u4e8b\u52d9\u6240<\/a><\/li>\n<li><a href=\"http:\/\/www.kangpat.com\/\" target=\"_blank\" rel=\"noopener\">\u5eb7 &#038; \u5eb7\u56fd\u969b\u7279\u8a31\u6cd5\u5f8b\u4e8b\u52d9\u6240<\/a><\/li>\n<li><a href=\"http:\/\/www.sayhwa.com\/\" target=\"_blank\" rel=\"noopener\">\u4e16\u548c\u56fd\u969b\u7279\u8a31\u6cd5\u5f8b\u4e8b\u52d9\u6240<\/a><\/li>\n<li><a href=\"http:\/\/www.bkl.co.kr\/\" target=\"_blank\" rel=\"noopener\">\u7279\u8a31\u6cd5\u4eba\u592a\u5e73\u6d0b<\/a><\/li>\n<\/ul>\n<h3>&#8211; Taiwan<\/h3>\n<ul>\n<li><a href=\"http:\/\/www.joupo.com\/\" target=\"_blank\" rel=\"noopener\">JOU AND JOU\u7279\u8a31\u4e8b\u52d9\u6240<\/a><\/li>\n<li><a href=\"http:\/\/www.li-cai.com.tw\/\" target=\"_blank\" rel=\"noopener\">Li &#038; Cai Intellectual Property Office<\/a><\/li>\n<li><a href=\"http:\/\/www.jcipgroup.com\/\" target=\"_blank\" rel=\"noopener\">\u5c06\u7fa4\u667a\u6a29\u4e8b\u52d9\u6240<\/a><\/li>\n<\/ul>\n<h3>&#8211; India<\/h3>\n<ul>\n<li><a href=\"http:\/\/gip-india.in\/\" target=\"_blank\" rel=\"noopener\">GLOBAL IP INDIA<\/a><\/li>\n<li><a href=\"http:\/\/www.depenning.com\/\" target=\"_blank\" rel=\"noopener\">De Penning &#038; De Penning<\/a><\/li>\n<\/ul>\n<h3>&#8211; UAE<\/h3>\n<ul>\n<li><a href=\"http:\/\/www.agip.com\/\" target=\"_blank\" rel=\"noopener\">Abu-Ghazaleh Intellectual Property (AGIP)<\/a><\/li>\n<\/ul>\n<h3>&#8211; Singapore<\/h3>\n<ul>\n<li><a href=\"http:\/\/www.allenandgledhill.com\/\" target=\"_blank\" rel=\"noopener\">Allen &#038; Gledhill LLP<\/a><\/li>\n<li><a href=\"http:\/\/www.drewnapier.com\/\" target=\"_blank\" rel=\"noopener\">\u30c7\u30a5\u30ea\u30e5\u30fc\u30fb\u30a2\u30f3\u30c9\u30fb\u30cd\u30d4\u30a2\u6cd5\u5f8b\u4e8b\u52d9\u6240<\/a><\/li>\n<\/ul>\n<h3>&#8211; Malaysia<\/h3>\n<ul>\n<li><a href=\"http:\/\/www.skrine.com\/\" target=\"_blank\" rel=\"noopener\">SKRINE<\/a><\/li>\n<\/ul>\n<h3>&#8211; Thailand<\/h3>\n<ul>\n<li><a href=\"https:\/\/www.tilleke.com\/\" target=\"_blank\" rel=\"noopener\">Tilleke &#038; Gibbins International Ltd.<\/a><\/li>\n<\/ul>\n<h3>&#8211; Indonesia<\/h3>\n<ul>\n<li><a href=\"http:\/\/www.iprights.com\/\" target=\"_blank\" rel=\"noopener\">Rouse<\/a><\/li>\n<\/ul>\n<h3>&#8211; Philippines<\/h3>\n<ul>\n<li><a href=\"http:\/\/www.barandaandassociates.com\/\" target=\"_blank\" rel=\"noopener\">Baranda &#038; Associates<\/a><\/li>\n<\/ul>\n<h3>&#8211; Vietnam<\/h3>\n<ul>\n<li><a href=\"http:\/\/www.tilleke.com\/\" target=\"_blank\" rel=\"noopener\">Tilleke &#038; Gibbins Consultants Limited<\/a><\/li>\n<\/ul>\n<h3>&#8211; Australia<\/h3>\n<ul>\n<li><a href=\"http:\/\/www.spruson.com\/\" target=\"_blank\" rel=\"noopener\">Spruson &#038; Ferguson<\/a><\/li>\n<\/ul>\n<h3>&#8211; New Zealand<\/h3>\n<ul>\n<li><a href=\"http:\/\/www.spruson.com\/\" target=\"_blank\" rel=\"noopener\">Spruson &#038; Ferguson<\/a><\/li>\n<\/ul>\n<\/div>\n<\/section>\n","protected":false},"excerpt":{"rendered":"<p>INTERNATIONAL SERVICES We can take care of your needs for any international patent application using the PCT ( [&hellip;]<\/p>\n","protected":false},"author":1,"featured_media":0,"parent":188,"menu_order":17,"comment_status":"closed","ping_status":"closed","template":"page-servicechild.php","meta":{"_acf_changed":false,"_locale":"en_US","_original_post":"https:\/\/kyotokkyo.jp\/wp\/?page_id=50","footnotes":""},"class_list":["post-195","page","type-page","status-publish","hentry","en-US"],"acf":[],"yoast_head":"<!-- This site is optimized with the Yoast SEO plugin v27.3 - https:\/\/yoast.com\/product\/yoast-seo-wordpress\/ -->\n<title>Intellectual Property | Kyoto Kitayama Intellectual Property Firm<\/title>\n<meta name=\"robots\" content=\"index, follow, max-snippet:-1, max-image-preview:large, max-video-preview:-1\" \/>\n<link rel=\"canonical\" href=\"https:\/\/kyotokkyo.jp\/en\/service\/intellectual\/\" \/>\n<meta property=\"og:locale\" content=\"en_US\" \/>\n<meta property=\"og:type\" content=\"article\" \/>\n<meta property=\"og:title\" content=\"Intellectual Property | \u4eac\u90fd\u5317\u5c71\u7279\u8a31\u6cd5\u5f8b\u4e8b\u52d9\u6240\" \/>\n<meta property=\"og:description\" content=\"INTERNATIONAL SERVICES We can take care of your needs for any international patent application using the PCT ( [&hellip;]\" \/>\n<meta property=\"og:url\" content=\"https:\/\/kyotokkyo.jp\/en\/service\/intellectual\/\" \/>\n<meta property=\"og:site_name\" content=\"\u4eac\u90fd\u5317\u5c71\u7279\u8a31\u6cd5\u5f8b\u4e8b\u52d9\u6240\" \/>\n<meta property=\"article:modified_time\" content=\"2022-07-27T07:42:11+00:00\" \/>\n<meta property=\"og:image\" content=\"https:\/\/kyotokkyo.jp\/wp\/wp-content\/uploads\/2022\/04\/ogp.jpg\" \/>\n\t<meta property=\"og:image:width\" content=\"1200\" \/>\n\t<meta property=\"og:image:height\" content=\"630\" \/>\n\t<meta property=\"og:image:type\" content=\"image\/jpeg\" \/>\n<meta name=\"twitter:card\" content=\"summary_large_image\" \/>\n<script type=\"application\/ld+json\" class=\"yoast-schema-graph\">{\"@context\":\"https:\\\/\\\/schema.org\",\"@graph\":[{\"@type\":\"WebPage\",\"@id\":\"https:\\\/\\\/kyotokkyo.jp\\\/en\\\/service\\\/intellectual\\\/\",\"url\":\"https:\\\/\\\/kyotokkyo.jp\\\/en\\\/service\\\/intellectual\\\/\",\"name\":\"Intellectual Property | \u4eac\u90fd\u5317\u5c71\u7279\u8a31\u6cd5\u5f8b\u4e8b\u52d9\u6240\",\"isPartOf\":{\"@id\":\"https:\\\/\\\/kyotokkyo.jp\\\/#website\"},\"datePublished\":\"2021-09-01T21:56:06+00:00\",\"dateModified\":\"2022-07-27T07:42:11+00:00\",\"breadcrumb\":{\"@id\":\"https:\\\/\\\/kyotokkyo.jp\\\/en\\\/service\\\/intellectual\\\/#breadcrumb\"},\"inLanguage\":\"en-US\",\"potentialAction\":[{\"@type\":\"ReadAction\",\"target\":[\"https:\\\/\\\/kyotokkyo.jp\\\/en\\\/service\\\/intellectual\\\/\"]}]},{\"@type\":\"BreadcrumbList\",\"@id\":\"https:\\\/\\\/kyotokkyo.jp\\\/en\\\/service\\\/intellectual\\\/#breadcrumb\",\"itemListElement\":[{\"@type\":\"ListItem\",\"position\":1,\"name\":\"HOME\",\"item\":\"https:\\\/\\\/kyotokkyo.jp\\\/en\\\/\"},{\"@type\":\"ListItem\",\"position\":2,\"name\":\"Services\",\"item\":\"https:\\\/\\\/kyotokkyo.jp\\\/en\\\/service\\\/\"},{\"@type\":\"ListItem\",\"position\":3,\"name\":\"Intellectual Property\"}]},{\"@type\":\"WebSite\",\"@id\":\"https:\\\/\\\/kyotokkyo.jp\\\/#website\",\"url\":\"https:\\\/\\\/kyotokkyo.jp\\\/\",\"name\":\"\u4eac\u90fd\u5317\u5c71\u7279\u8a31\u6cd5\u5f8b\u4e8b\u52d9\u6240\",\"description\":\"Just another WordPress site\",\"potentialAction\":[{\"@type\":\"SearchAction\",\"target\":{\"@type\":\"EntryPoint\",\"urlTemplate\":\"https:\\\/\\\/kyotokkyo.jp\\\/?s={search_term_string}\"},\"query-input\":{\"@type\":\"PropertyValueSpecification\",\"valueRequired\":true,\"valueName\":\"search_term_string\"}}],\"inLanguage\":\"en-US\"}]}<\/script>\n<!-- \/ Yoast SEO plugin. -->","yoast_head_json":{"title":"Intellectual Property | Kyoto Kitayama Intellectual Property Firm","robots":{"index":"index","follow":"follow","max-snippet":"max-snippet:-1","max-image-preview":"max-image-preview:large","max-video-preview":"max-video-preview:-1"},"canonical":"https:\/\/kyotokkyo.jp\/en\/service\/intellectual\/","og_locale":"en_US","og_type":"article","og_title":"Intellectual Property | \u4eac\u90fd\u5317\u5c71\u7279\u8a31\u6cd5\u5f8b\u4e8b\u52d9\u6240","og_description":"INTERNATIONAL SERVICES We can take care of your needs for any international patent application using the PCT ( [&hellip;]","og_url":"https:\/\/kyotokkyo.jp\/en\/service\/intellectual\/","og_site_name":"\u4eac\u90fd\u5317\u5c71\u7279\u8a31\u6cd5\u5f8b\u4e8b\u52d9\u6240","article_modified_time":"2022-07-27T07:42:11+00:00","og_image":[{"width":1200,"height":630,"url":"https:\/\/kyotokkyo.jp\/wp\/wp-content\/uploads\/2022\/04\/ogp.jpg","type":"image\/jpeg"}],"twitter_card":"summary_large_image","schema":{"@context":"https:\/\/schema.org","@graph":[{"@type":"WebPage","@id":"https:\/\/kyotokkyo.jp\/en\/service\/intellectual\/","url":"https:\/\/kyotokkyo.jp\/en\/service\/intellectual\/","name":"Intellectual Property | \u4eac\u90fd\u5317\u5c71\u7279\u8a31\u6cd5\u5f8b\u4e8b\u52d9\u6240","isPartOf":{"@id":"https:\/\/kyotokkyo.jp\/#website"},"datePublished":"2021-09-01T21:56:06+00:00","dateModified":"2022-07-27T07:42:11+00:00","breadcrumb":{"@id":"https:\/\/kyotokkyo.jp\/en\/service\/intellectual\/#breadcrumb"},"inLanguage":"en-US","potentialAction":[{"@type":"ReadAction","target":["https:\/\/kyotokkyo.jp\/en\/service\/intellectual\/"]}]},{"@type":"BreadcrumbList","@id":"https:\/\/kyotokkyo.jp\/en\/service\/intellectual\/#breadcrumb","itemListElement":[{"@type":"ListItem","position":1,"name":"HOME","item":"https:\/\/kyotokkyo.jp\/en\/"},{"@type":"ListItem","position":2,"name":"Services","item":"https:\/\/kyotokkyo.jp\/en\/service\/"},{"@type":"ListItem","position":3,"name":"Intellectual Property"}]},{"@type":"WebSite","@id":"https:\/\/kyotokkyo.jp\/#website","url":"https:\/\/kyotokkyo.jp\/","name":"\u4eac\u90fd\u5317\u5c71\u7279\u8a31\u6cd5\u5f8b\u4e8b\u52d9\u6240","description":"Just another WordPress site","potentialAction":[{"@type":"SearchAction","target":{"@type":"EntryPoint","urlTemplate":"https:\/\/kyotokkyo.jp\/?s={search_term_string}"},"query-input":{"@type":"PropertyValueSpecification","valueRequired":true,"valueName":"search_term_string"}}],"inLanguage":"en-US"}]}},"_links":{"self":[{"href":"https:\/\/kyotokkyo.jp\/wp-json\/wp\/v2\/pages\/195","targetHints":{"allow":["GET"]}}],"collection":[{"href":"https:\/\/kyotokkyo.jp\/wp-json\/wp\/v2\/pages"}],"about":[{"href":"https:\/\/kyotokkyo.jp\/wp-json\/wp\/v2\/types\/page"}],"author":[{"embeddable":true,"href":"https:\/\/kyotokkyo.jp\/wp-json\/wp\/v2\/users\/1"}],"replies":[{"embeddable":true,"href":"https:\/\/kyotokkyo.jp\/wp-json\/wp\/v2\/comments?post=195"}],"version-history":[{"count":7,"href":"https:\/\/kyotokkyo.jp\/wp-json\/wp\/v2\/pages\/195\/revisions"}],"predecessor-version":[{"id":747,"href":"https:\/\/kyotokkyo.jp\/wp-json\/wp\/v2\/pages\/195\/revisions\/747"}],"up":[{"embeddable":true,"href":"https:\/\/kyotokkyo.jp\/wp-json\/wp\/v2\/pages\/188"}],"wp:attachment":[{"href":"https:\/\/kyotokkyo.jp\/wp-json\/wp\/v2\/media?parent=195"}],"curies":[{"name":"wp","href":"https:\/\/api.w.org\/{rel}","templated":true}]}}